{"id":11907,"date":"2024-05-29T23:34:11","date_gmt":"2024-05-30T05:34:11","guid":{"rendered":"https:\/\/creeser.org.mx\/2022\/?page_id=11907"},"modified":"2025-08-13T22:03:55","modified_gmt":"2025-08-14T04:03:55","slug":"nosotros","status":"publish","type":"page","link":"https:\/\/creeser.org.mx\/2022\/nosotros\/","title":{"rendered":"Nosotros"},"content":{"rendered":"<p>[vc_row full_width=&#8221;stretch_row_content_no_spaces&#8221; css=&#8221;.vc_custom_1721647760726{margin-bottom: 20px !important;}&#8221;][vc_column][vc_empty_space height=&#8221;50&#8243; css=&#8221;.vc_custom_1721647620744{background-color: #b8d65b !important;}&#8221;][\/vc_column][\/vc_row][vc_row content_placement=&#8221;middle&#8221;][vc_column width=&#8221;2\/3&#8243;][vc_column_text css_animation=&#8221;fadeInLeft&#8221;]<\/p>\n<h2 style=\"text-align: left;\"><strong><span style=\"color: #2f2f2f;\">Somos una organizaci\u00f3n de la sociedad civil que busca <span style=\"color: #b8d65b;\">construir una cultura de paz<\/span> <span style=\"color: #b8d65b;\">que transforme situaciones de violencia en oportunidades de desarrollo<\/span>, a trav\u00e9s de estrategias educativas, l\u00fadicas y colaborativas, en beneficio de ni\u00f1as, ni\u00f1os, adolescentes y grupos vulnerados en M\u00e9xico.<\/span><\/strong><\/h2>\n<p>[\/vc_column_text][\/vc_column][vc_column width=&#8221;1\/3&#8243;][vc_single_image image=&#8221;11624&#8243; img_size=&#8221;large&#8221; alignment=&#8221;center&#8221; style=&#8221;vc_box_circle_2&#8243; css_animation=&#8221;zoomIn&#8221;][\/vc_column][\/vc_row][vc_row content_placement=&#8221;middle&#8221;][vc_column width=&#8221;1\/4&#8243;][vc_single_image image=&#8221;11922&#8243; img_size=&#8221;large&#8221; alignment=&#8221;center&#8221; style=&#8221;vc_box_circle_2&#8243; css_animation=&#8221;zoomIn&#8221;][\/vc_column][vc_column width=&#8221;3\/4&#8243;][vc_column_text css_animation=&#8221;fadeInRight&#8221;]<\/p>\n<h2><strong><span style=\"color: #2f2f2f;\">Nuestra <span style=\"color: #b8d65b;\">visi\u00f3n <\/span>es que las ni\u00f1as, ni\u00f1os y adolescentes de Nuevo Le\u00f3n sean agentes de paz y vivan en comunidades libres de violencia<\/span><\/strong><\/h2>\n<p>[\/vc_column_text][\/vc_column][\/vc_row][vc_row full_width=&#8221;stretch_row_content_no_spaces&#8221; css=&#8221;.vc_custom_1721647760726{margin-bottom: 20px !important;}&#8221;][vc_column][vc_empty_space height=&#8221;50&#8243; css=&#8221;.vc_custom_1721651257047{margin-top: 20px !important;margin-bottom: 0px !important;padding-bottom: 0px !important;background-color: #b8d65b !important;}&#8221;][\/vc_column][\/vc_row][vc_row full_width=&#8221;stretch_row_content_no_spaces&#8221; equal_height=&#8221;yes&#8221; content_placement=&#8221;middle&#8221;][vc_column][vc_video link=&#8221;https:\/\/www.youtube.com\/watch?v=XiPFGMqqOMA&#8221; align=&#8221;center&#8221;][\/vc_column][\/vc_row][vc_row full_width=&#8221;stretch_row_content_no_spaces&#8221; content_placement=&#8221;middle&#8221;][vc_column][vc_empty_space height=&#8221;50&#8243; css=&#8221;.vc_custom_1721650180780{background-color: #b8d65b !important;}&#8221;][\/vc_column][\/vc_row]<\/p>\n","protected":false},"excerpt":{"rendered":"<p>[vc_row full_width=&#8221;stretch_row_content_no_spaces&#8221; css=&#8221;.vc_custom_1721647760726{margin-bottom: 20px !important;}&#8221;][vc_column][vc_empty_space height=&#8221;50&#8243; css=&#8221;.vc_custom_1721647620744{background-color: #b8d65b !important;}&#8221;][\/vc_column][\/vc_row][vc_row content_placement=&#8221;middle&#8221;][vc_column width=&#8221;2\/3&#8243;][vc_column_text css_animation=&#8221;fadeInLeft&#8221;] Somos una organizaci\u00f3n de la sociedad civil que busca construir una cultura de paz que transforme situaciones de [&hellip;]<\/p>\n","protected":false},"author":2,"featured_media":0,"parent":0,"menu_order":0,"comment_status":"closed","ping_status":"closed","template":"","meta":{"give_campaign_id":0,"footnotes":""},"class_list":["post-11907","page","type-page","status-publish","hentry"],"campaignId":"","_links":{"self":[{"href":"https:\/\/creeser.org.mx\/2022\/wp-json\/wp\/v2\/pages\/11907","targetHints":{"allow":["GET"]}}],"collection":[{"href":"https:\/\/creeser.org.mx\/2022\/wp-json\/wp\/v2\/pages"}],"about":[{"href":"https:\/\/creeser.org.mx\/2022\/wp-json\/wp\/v2\/types\/page"}],"author":[{"embeddable":true,"href":"https:\/\/creeser.org.mx\/2022\/wp-json\/wp\/v2\/users\/2"}],"replies":[{"embeddable":true,"href":"https:\/\/creeser.org.mx\/2022\/wp-json\/wp\/v2\/comments?post=11907"}],"version-history":[{"count":8,"href":"https:\/\/creeser.org.mx\/2022\/wp-json\/wp\/v2\/pages\/11907\/revisions"}],"predecessor-version":[{"id":12057,"href":"https:\/\/creeser.org.mx\/2022\/wp-json\/wp\/v2\/pages\/11907\/revisions\/12057"}],"wp:attachment":[{"href":"https:\/\/creeser.org.mx\/2022\/wp-json\/wp\/v2\/media?parent=11907"}],"curies":[{"name":"wp","href":"https:\/\/api.w.org\/{rel}","templated":true}]}}