{"id":11904,"date":"2024-05-29T23:34:11","date_gmt":"2024-05-30T05:34:11","guid":{"rendered":"https:\/\/creeser.org.mx\/2022\/?page_id=11904"},"modified":"2025-08-14T09:48:56","modified_gmt":"2025-08-14T15:48:56","slug":"publicaciones","status":"publish","type":"page","link":"https:\/\/creeser.org.mx\/2022\/publicaciones\/","title":{"rendered":"Publicaciones"},"content":{"rendered":"<p>[vc_row][vc_column]\n\n\t<script type=\"text\/javascript\">\n    \/\/<![CDATA[\n    \n    jQuery(document).ready(function() {\n\n      \/\/START masonry\n      jQuery(function ($) {\n        \n        \/\/Masonry\n    \t\tvar $nd_donations_masonry_content = $(\".nd_donations_masonry_content\").imagesLoaded( function() {\n    \t\t  \/\/ init Masonry after all images have loaded\n    \t\t  $nd_donations_masonry_content.masonry({\n    \t\t    itemSelector: \".nd_donations_masonry_item\"\n    \t\t  });\n    \t\t});\n\n      });\n      \/\/END masonry\n\n    });\n\n    \/\/]]>\n  <\/script>\n\n\n  <style>\n    .nd_donations_dialog_filter_bg:after{\n      width: 100% !important;\n      height: 100% !important;\n      background-color: rgba(101, 100, 96, 0.9);\n      content: \"\";\n      position: fixed;\n      top: 0;\n      left: 0;\n    }\n  <\/style>\n\n<div class=\"nd_donations_section nd_donations_masonry_content  \">\n\n    <!--START-->\n    <div id=\"nd_donations_postgrid_documents_single_doc_\" class=\"nd_donations_postgrid_documents_single_doc nd_donations_width_100_percentage nd_donations_box_sizing_border_box nd_donations_masonry_item nd_donations_width_100_percentage_responsive\">\n      <div class=\"nd_donations_section nd_donations_border_top_1_solid_grey nd_donations_padding_15 nd_donations_box_sizing_border_box\">\n        \n        <div class=\"nd_donations_width_20_percentage nd_donations_width_100_percentage_responsive nd_donations_float_left\">\n          <table>\n            <tbody>\n              <tr>\n                <td><img decoding=\"async\" class=\"nd_donations_float_left\" alt=\"\" width=\"25\" src=\"https:\/\/creeser.org.mx\/2022\/wp-content\/uploads\/2025\/08\/thumbnail24-1.jpg\"><\/td>\n                <td><span class=\"nd_options_color_greydark nd_donations_float_left nd_options_first_font nd_donations_font_size_15 nd_donations_margin_left_10\"><strong>PDF<\/strong><\/span><\/td>\n              <\/tr>\n            <\/tbody>\n          <\/table>\n        <\/div>\n\n        <div class=\"nd_donations_width_70_percentage nd_donations_width_100_percentage_responsive nd_donations_float_left\">\n          <h5 class=\"nd_donations_padding_7 nd_options_color_grey nd_options_second_font\">Informe Anual 2024<\/h5>\n        <\/div>\n        \n        <div class=\"nd_donations_width_10_percentage nd_donations_width_100_percentage_responsive nd_donations_float_left nd_donations_text_align_right nd_donations_text_align_left_responsive nd_donations_margin_top_5_responsive\">\n          <a id=\"nd_donations_postgrid_dialog_open_114\" style=\"background-color:#b8d65b;\" class=\"nd_donations_display_inline_block nd_donations_color_white_important nd_options_first_font nd_donations_padding_8 nd_donations_cursor_pointer  nd_donations_font_size_13\">PREVIEW<\/a>\n        <\/div>\n\n      <\/div>\n    <\/div>\n    <!--END-->\n\n  \n\n      <!--START POPOUP-->\n      <div id=\"nd_donations_dialog_114\">\n\n        <div class=\"nd_donations_bg_white nd_donations_border_radius_3 nd_donations_position_relative nd_donations_section nd_donations_box_sizing_border_box\">\n\n          <div style=\"background-color:#b8d65b;\" class=\"nd_donations_position_relative nd_donations_section nd_donations_box_sizing_border_box nd_donations_padding_20 nd_donations_border_radius_top_3\">\n            <h3 class=\"nd_donations_color_white_important\"><strong>Informe Anual 2024<\/strong><\/h3>\n            <a style=\"background-image:url(https:\/\/creeser.org.mx\/2022\/wp-content\/plugins\/nd-donations\/addons\/visual\/documents\/layout\/icon-close-white.svg);\" id=\"nd_donations_postgrid_dialog_btn_close_114\" class=\"nd_donations_width_60 nd_donations_height_100_percentage nd_donations_right_0 nd_donations_top_0 nd_donations_position_absolute nd_donations_background_position_center nd_donations_background_size_25 nd_donations_background_repeat_no_repeat nd_donations_cursor_pointer nd_donations_display_inline_block nd_donations_border_radius_3\"><\/a>\n          <\/div>\n\n          \n\n          <div class=\"nd_donations_section nd_donations_box_sizing_border_box nd_donations_padding_30\">\n            [vc_row][vc_column][vc_column_text]Este a\u00f1o celebramos nuestro aniversario 23. Estamos creciendo como equipo para que las ni\u00f1as, ni\u00f1os y adolescentes de Nuevo Le\u00f3n vivan en comunidades libres de violencia..[\/vc_column_text]<div style=\"background-color:;height: 20px\" class=\"nicdark_section  \"><\/div>[vc_column_text]En este a\u00f1o completamos de manera exitosa la etapa 4 \u201cfortalecer\u201d y la etapa 1 \u201creconocer\u201d en nuestros programas escolares Escuela Sin Violencia y PazArte, donde beneficiamos a 2,562 ni\u00f1as, ni\u00f1os y adolescentes. Adem\u00e1s llevamos a cabo la 11va edici\u00f3n de nuestro Diplomado en Educaci\u00f3n para la Paz, ofrecimos 120 talleres en Paz\u00c1ndola Bien, llevamos el programa NoEsNo a 1,429 ni\u00f1as y adolescentes, 18 talleres en beneficio de la comunidad dentro del espacio de CreeSer y asistimos a 44 eventos con gobiernos y sociedad civil.[\/vc_column_text]<div style=\"background-color:;height: 20px\" class=\"nicdark_section  \"><\/div>[vc_column_text]\u00a1Sigamos creciendo en favor de la ni\u00f1ez de Nuevo Le\u00f3n![\/vc_column_text][\/vc_column][\/vc_row]  \n          <\/div>\n\n        <\/div>\n\n      <\/div>\n      <!--END POPOUP-->\n\n\n\n      <script type=\"text\/javascript\">\n        \/\/<![CDATA[\n        \n        jQuery(document).ready(function() {\n\n          jQuery( \"#nd_donations_dialog_114\" ).dialog({\n            autoOpen: false,\n            draggable: false,\n            width: 800,\n            modal: false,\n            resizable: false,\n            dialogClass: \"nd_donations_dialog\",\n            show: {\n              effect: \"fade\",\n              duration: 800\n            },\n            hide: {\n              effect: \"fade\",\n              duration: 800\n            }\n          });\n       \n          jQuery( \"#nd_donations_postgrid_dialog_open_114\" ).click(function() {\n            jQuery( \"#nd_donations_dialog_114\" ).dialog( \"open\" );\n            jQuery( \".nd_donations_dialog\" ).addClass( \"nd_donations_dialog_filter_bg\" );\n          });\n\n          jQuery( \"#nd_donations_postgrid_dialog_btn_close_114\" ).click(function() {\n            jQuery( \"#nd_donations_dialog_114\" ).dialog( \"close\" );\n          });\n\n        });\n\n        \/\/]]>\n      <\/script>\n\n      <style>\n        @media only screen and (min-width: 768px) and (max-width: 959px) {\n          .nd_donations_dialog_filter_bg { width: 100% !important; }\n          #nd_donations_dialog_114 { width:758px !important; margin-left: -379px; left: 50%; }  \n        }\n\n        @media only screen and (min-width: 480px) and (max-width: 767px) {\n          .nd_donations_dialog_filter_bg { width: 100% !important; }\n          #nd_donations_dialog_114 { width:470px !important; margin-left: -235px; left: 50%; }    \n        }\n\n        @media only screen and (min-width: 320px) and (max-width: 479px){\n          .nd_donations_dialog_filter_bg { width: 100% !important; }\n          #nd_donations_dialog_114 { width:310px !important; margin-left: -155px; left: 50%; }   \n        }\n      <\/style><\/div>[vc_raw_html]JTVCZGZsaXAlMjBpZCUzRCUyMjEyMDkzJTIyJTIwJTVEJTVCJTJGZGZsaXAlNUQ=[\/vc_raw_html][\/vc_column][\/vc_row][vc_row][vc_column][vc_empty_space][\/vc_column][\/vc_row]<\/p>\n","protected":false},"excerpt":{"rendered":"<p>[vc_row][vc_column][vc_raw_html]JTVCZGZsaXAlMjBpZCUzRCUyMjEyMDkzJTIyJTIwJTVEJTVCJTJGZGZsaXAlNUQ=[\/vc_raw_html][\/vc_column][\/vc_row][vc_row][vc_column][vc_empty_space][\/vc_column][\/vc_row]<\/p>\n","protected":false},"author":2,"featured_media":12099,"parent":0,"menu_order":0,"comment_status":"closed","ping_status":"closed","template":"","meta":{"give_campaign_id":0,"footnotes":""},"class_list":["post-11904","page","type-page","status-publish","has-post-thumbnail","hentry"],"campaignId":"","_links":{"self":[{"href":"https:\/\/creeser.org.mx\/2022\/wp-json\/wp\/v2\/pages\/11904","targetHints":{"allow":["GET"]}}],"collection":[{"href":"https:\/\/creeser.org.mx\/2022\/wp-json\/wp\/v2\/pages"}],"about":[{"href":"https:\/\/creeser.org.mx\/2022\/wp-json\/wp\/v2\/types\/page"}],"author":[{"embeddable":true,"href":"https:\/\/creeser.org.mx\/2022\/wp-json\/wp\/v2\/users\/2"}],"replies":[{"embeddable":true,"href":"https:\/\/creeser.org.mx\/2022\/wp-json\/wp\/v2\/comments?post=11904"}],"version-history":[{"count":23,"href":"https:\/\/creeser.org.mx\/2022\/wp-json\/wp\/v2\/pages\/11904\/revisions"}],"predecessor-version":[{"id":12124,"href":"https:\/\/creeser.org.mx\/2022\/wp-json\/wp\/v2\/pages\/11904\/revisions\/12124"}],"wp:featuredmedia":[{"embeddable":true,"href":"https:\/\/creeser.org.mx\/2022\/wp-json\/wp\/v2\/media\/12099"}],"wp:attachment":[{"href":"https:\/\/creeser.org.mx\/2022\/wp-json\/wp\/v2\/media?parent=11904"}],"curies":[{"name":"wp","href":"https:\/\/api.w.org\/{rel}","templated":true}]}}