{"id":11761,"date":"2024-05-11T19:09:01","date_gmt":"2024-05-12T01:09:01","guid":{"rendered":"https:\/\/creeser.org.mx\/2022\/?page_id=11761"},"modified":"2024-05-29T23:25:25","modified_gmt":"2024-05-30T05:25:25","slug":"creeser-en-las-instituciones","status":"publish","type":"page","link":"https:\/\/creeser.org.mx\/2022\/creeser-en-las-instituciones\/","title":{"rendered":"CreeSer en las Instituciones"},"content":{"rendered":"<p>[vc_row full_width=&#8221;stretch_row_content_no_spaces&#8221; css=&#8221;.vc_custom_1717045024378{background-color: #ff4400 !important;}&#8221;][vc_column][vc_empty_space][vc_empty_space][vc_single_image image=&#8221;11884&#8243; img_size=&#8221;medium&#8221; alignment=&#8221;center&#8221;][vc_empty_space][vc_empty_space][\/vc_column][\/vc_row][vc_row][vc_column]\n\t\t\t<!-- START ELI REVOLUTION SLIDER 6.5.21 --><p class=\"rs-p-wp-fix\"><\/p>\n\t\t\t<rs-module-wrap id=\"rev_slider_8_1_wrapper\" data-source=\"gallery\" style=\"visibility:hidden;background:transparent;padding:0;margin:0px auto;margin-top:0;margin-bottom:0;\">\n\t\t\t\t<rs-module id=\"rev_slider_8_1\" style=\"\" data-version=\"6.5.21\">\n\t\t\t\t\t<rs-slides>\n\t\t\t\t\t\t<rs-slide style=\"position: absolute;\" data-key=\"rs-30\" data-title=\"Slide\" data-in=\"o:0;\" data-out=\"a:false;\">\n\t\t\t\t\t\t\t<img loading=\"lazy\" decoding=\"async\" src=\"\/\/creeser.org.mx\/2022\/wp-content\/plugins\/revslider\/public\/assets\/assets\/dummy.png\" alt=\"\" title=\"395381392_730208149147847_4907307556437090423_n\" width=\"1399\" height=\"732\" class=\"rev-slidebg tp-rs-img rs-lazyload\" data-lazyload=\"\/\/creeser.org.mx\/2022\/wp-content\/uploads\/2024\/05\/395381392_730208149147847_4907307556437090423_n.jpg\" data-panzoom=\"d:8000ms;ss:120%;se:100;\" data-no-retina>\n<!---->\t\t\t\t\t\t<\/rs-slide>\n\t\t\t\t\t\t<rs-slide style=\"position: absolute;\" data-key=\"rs-29\" data-title=\"Slide\" data-in=\"o:0;\" data-out=\"a:false;\">\n\t\t\t\t\t\t\t<img loading=\"lazy\" decoding=\"async\" src=\"\/\/creeser.org.mx\/2022\/wp-content\/plugins\/revslider\/public\/assets\/assets\/dummy.png\" alt=\"\" title=\"391270776_721517373350258_8816889409265744791_n (1)\" width=\"1440\" height=\"1080\" class=\"rev-slidebg tp-rs-img rs-lazyload\" data-lazyload=\"\/\/creeser.org.mx\/2022\/wp-content\/uploads\/2024\/05\/391270776_721517373350258_8816889409265744791_n-1.jpg\" data-panzoom=\"d:10000;ss:100%;se:120%;\" data-no-retina>\n<!---->\t\t\t\t\t\t<\/rs-slide>\n\t\t\t\t\t<\/rs-slides>\n\t\t\t\t<\/rs-module>\n\t\t\t\t<script>\n\t\t\t\t\tsetREVStartSize({c: 'rev_slider_8_1',rl:[1240,1024,778,480],el:[900],gw:[1240],gh:[900],type:'standard',justify:'',layout:'fullwidth',mh:\"0\"});if (window.RS_MODULES!==undefined && window.RS_MODULES.modules!==undefined && window.RS_MODULES.modules[\"revslider81\"]!==undefined) {window.RS_MODULES.modules[\"revslider81\"].once = false;window.revapi8 = undefined;if (window.RS_MODULES.checkMinimal!==undefined) window.RS_MODULES.checkMinimal()}\n\t\t\t\t<\/script>\n\t\t\t<\/rs-module-wrap>\n\t\t\t<!-- END REVOLUTION SLIDER -->\n[\/vc_column][\/vc_row][vc_row full_width=&#8221;stretch_row_content_no_spaces&#8221; css=&#8221;.vc_custom_1717045165950{background-color: #ff4400 !important;}&#8221;][vc_column width=&#8221;1\/3&#8243;][\/vc_column][vc_column width=&#8221;1\/3&#8243;][vc_empty_space][vc_empty_space][vc_empty_space][vc_empty_space][vc_column_text css_animation=&#8221;fadeIn&#8221;]<\/p>\n<h2 style=\"text-align: center;\"><span style=\"color: #ffffff;\"><strong>Es nuestra responsabilidad como parte de la sociedad civil organizada de Nuevo Le\u00f3n, acompa\u00f1ar a nuestros gobiernos en el desarrollo y ejecuci\u00f3n de proyectos clave para prevenir la violencia y proteger los derechos de la ni\u00f1ez en el estado. Nuestra presencia en eventos organizados por gobiernos o sociedad civil nos permite mantenernos al d\u00eda de lo que sucede en el ecosistema y poner de nuestra parte, para que se fortalezca, buscando la colaboraci\u00f3n con organizaciones e instancias gubernamentales en proyectos clave para el futuro de la ni\u00f1ez.<\/strong><\/span><\/h2>\n<p>[\/vc_column_text][vc_empty_space][vc_empty_space][\/vc_column][vc_column width=&#8221;1\/3&#8243;][\/vc_column][\/vc_row]<\/p>\n","protected":false},"excerpt":{"rendered":"<p>[vc_row full_width=&#8221;stretch_row_content_no_spaces&#8221; css=&#8221;.vc_custom_1717045024378{background-color: #ff4400 !important;}&#8221;][vc_column][vc_empty_space][vc_empty_space][vc_single_image image=&#8221;11884&#8243; img_size=&#8221;medium&#8221; alignment=&#8221;center&#8221;][vc_empty_space][vc_empty_space][\/vc_column][\/vc_row][vc_row][vc_column][\/vc_column][\/vc_row][vc_row full_width=&#8221;stretch_row_content_no_spaces&#8221; css=&#8221;.vc_custom_1717045165950{background-color: #ff4400 !important;}&#8221;][vc_column width=&#8221;1\/3&#8243;][\/vc_column][vc_column width=&#8221;1\/3&#8243;][vc_empty_space][vc_empty_space][vc_empty_space][vc_empty_space][vc_column_text css_animation=&#8221;fadeIn&#8221;] Es nuestra responsabilidad como parte de la sociedad civil organizada de Nuevo Le\u00f3n, acompa\u00f1ar a [&hellip;]<\/p>\n","protected":false},"author":2,"featured_media":0,"parent":0,"menu_order":0,"comment_status":"closed","ping_status":"closed","template":"","meta":{"give_campaign_id":0,"footnotes":""},"class_list":["post-11761","page","type-page","status-publish","hentry"],"campaignId":"","_links":{"self":[{"href":"https:\/\/creeser.org.mx\/2022\/wp-json\/wp\/v2\/pages\/11761","targetHints":{"allow":["GET"]}}],"collection":[{"href":"https:\/\/creeser.org.mx\/2022\/wp-json\/wp\/v2\/pages"}],"about":[{"href":"https:\/\/creeser.org.mx\/2022\/wp-json\/wp\/v2\/types\/page"}],"author":[{"embeddable":true,"href":"https:\/\/creeser.org.mx\/2022\/wp-json\/wp\/v2\/users\/2"}],"replies":[{"embeddable":true,"href":"https:\/\/creeser.org.mx\/2022\/wp-json\/wp\/v2\/comments?post=11761"}],"version-history":[{"count":4,"href":"https:\/\/creeser.org.mx\/2022\/wp-json\/wp\/v2\/pages\/11761\/revisions"}],"predecessor-version":[{"id":11888,"href":"https:\/\/creeser.org.mx\/2022\/wp-json\/wp\/v2\/pages\/11761\/revisions\/11888"}],"wp:attachment":[{"href":"https:\/\/creeser.org.mx\/2022\/wp-json\/wp\/v2\/media?parent=11761"}],"curies":[{"name":"wp","href":"https:\/\/api.w.org\/{rel}","templated":true}]}}