{"id":11759,"date":"2024-05-11T19:08:43","date_gmt":"2024-05-12T01:08:43","guid":{"rendered":"https:\/\/creeser.org.mx\/2022\/?page_id=11759"},"modified":"2024-05-29T23:26:16","modified_gmt":"2024-05-30T05:26:16","slug":"creeser-en-la-comunidad","status":"publish","type":"page","link":"https:\/\/creeser.org.mx\/2022\/creeser-en-la-comunidad\/","title":{"rendered":"CreeSer en la Comunidad"},"content":{"rendered":"<p>[vc_row full_width=&#8221;stretch_row_content_no_spaces&#8221; css=&#8221;.vc_custom_1717045924857{background-color: #854a90 !important;}&#8221;][vc_column][vc_empty_space][vc_empty_space][vc_empty_space][vc_empty_space][vc_single_image image=&#8221;11890&#8243; img_size=&#8221;medium&#8221; alignment=&#8221;center&#8221;][vc_empty_space][vc_empty_space][vc_empty_space][vc_empty_space][\/vc_column][\/vc_row][vc_row][vc_column]\n\t\t\t<!-- START ELC REVOLUTION SLIDER 6.5.21 --><p class=\"rs-p-wp-fix\"><\/p>\n\t\t\t<rs-module-wrap id=\"rev_slider_9_1_wrapper\" data-source=\"gallery\" style=\"visibility:hidden;background:transparent;padding:0;margin:0px auto;margin-top:0;margin-bottom:0;\">\n\t\t\t\t<rs-module id=\"rev_slider_9_1\" style=\"\" data-version=\"6.5.21\">\n\t\t\t\t\t<rs-slides>\n\t\t\t\t\t\t<rs-slide style=\"position: absolute;\" data-key=\"rs-32\" data-title=\"Slide\" data-in=\"o:0;\" data-out=\"a:false;\">\n\t\t\t\t\t\t\t<img loading=\"lazy\" decoding=\"async\" src=\"\/\/creeser.org.mx\/2022\/wp-content\/plugins\/revslider\/public\/assets\/assets\/dummy.png\" alt=\"\" title=\"IMG_2269\" width=\"2560\" height=\"1707\" class=\"rev-slidebg tp-rs-img rs-lazyload\" data-lazyload=\"\/\/creeser.org.mx\/2022\/wp-content\/uploads\/2024\/05\/IMG_2269-scaled.jpg\" data-parallax=\"off\" data-panzoom=\"d:8000ms;ss:120%;se:100;\" data-no-retina>\n<!---->\t\t\t\t\t\t<\/rs-slide>\n\t\t\t\t\t\t<rs-slide style=\"position: absolute;\" data-key=\"rs-31\" data-title=\"Slide\" data-in=\"o:0;\" data-out=\"a:false;\">\n\t\t\t\t\t\t\t<img loading=\"lazy\" decoding=\"async\" src=\"\/\/creeser.org.mx\/2022\/wp-content\/plugins\/revslider\/public\/assets\/assets\/dummy.png\" alt=\"\" title=\"IMG_2298\" width=\"2560\" height=\"1707\" class=\"rev-slidebg tp-rs-img rs-lazyload\" data-lazyload=\"\/\/creeser.org.mx\/2022\/wp-content\/uploads\/2024\/05\/IMG_2298-scaled.jpg\" data-parallax=\"off\" data-panzoom=\"d:10000;ss:100%;se:120%;\" data-no-retina>\n<!---->\t\t\t\t\t\t<\/rs-slide>\n\t\t\t\t\t<\/rs-slides>\n\t\t\t\t<\/rs-module>\n\t\t\t\t<script>\n\t\t\t\t\tsetREVStartSize({c: 'rev_slider_9_1',rl:[1240,1024,778,480],el:[900],gw:[1240],gh:[900],type:'standard',justify:'',layout:'fullwidth',mh:\"0\"});if (window.RS_MODULES!==undefined && window.RS_MODULES.modules!==undefined && window.RS_MODULES.modules[\"revslider91\"]!==undefined) {window.RS_MODULES.modules[\"revslider91\"].once = false;window.revapi9 = undefined;if (window.RS_MODULES.checkMinimal!==undefined) window.RS_MODULES.checkMinimal()}\n\t\t\t\t<\/script>\n\t\t\t<\/rs-module-wrap>\n\t\t\t<!-- END REVOLUTION SLIDER -->\n[\/vc_column][\/vc_row][vc_row full_width=&#8221;stretch_row_content_no_spaces&#8221; css=&#8221;.vc_custom_1717046030609{background-color: #854a90 !important;}&#8221;][vc_column width=&#8221;1\/3&#8243;][\/vc_column][vc_column width=&#8221;1\/3&#8243;][vc_empty_space][vc_empty_space][vc_column_text css_animation=&#8221;fadeIn&#8221;]<\/p>\n<h2><span style=\"color: #ffffff;\"><strong>Las actividades que llevamos a cabo han contribuido a reforzar el sentido de pertenencia, la convivencia, la generaci\u00f3n de redes de apoyo, el disfrute de los espacios comunes y la apropiaci\u00f3n de los mismos. Principalmente fortalecemos la integraci\u00f3n e inclusi\u00f3n de las diversas generaciones que habitan los alrededores de la Colonia Primavera.<\/strong><\/span><\/h2>\n<p>[\/vc_column_text][vc_empty_space][vc_empty_space][\/vc_column][vc_column width=&#8221;1\/3&#8243;][\/vc_column][\/vc_row]<\/p>\n","protected":false},"excerpt":{"rendered":"<p>[vc_row full_width=&#8221;stretch_row_content_no_spaces&#8221; css=&#8221;.vc_custom_1717045924857{background-color: #854a90 !important;}&#8221;][vc_column][vc_empty_space][vc_empty_space][vc_empty_space][vc_empty_space][vc_single_image image=&#8221;11890&#8243; img_size=&#8221;medium&#8221; alignment=&#8221;center&#8221;][vc_empty_space][vc_empty_space][vc_empty_space][vc_empty_space][\/vc_column][\/vc_row][vc_row][vc_column][\/vc_column][\/vc_row][vc_row full_width=&#8221;stretch_row_content_no_spaces&#8221; css=&#8221;.vc_custom_1717046030609{background-color: #854a90 !important;}&#8221;][vc_column width=&#8221;1\/3&#8243;][\/vc_column][vc_column width=&#8221;1\/3&#8243;][vc_empty_space][vc_empty_space][vc_column_text css_animation=&#8221;fadeIn&#8221;] Las actividades que llevamos a cabo han contribuido a reforzar el sentido de pertenencia, la [&hellip;]<\/p>\n","protected":false},"author":2,"featured_media":0,"parent":0,"menu_order":0,"comment_status":"closed","ping_status":"closed","template":"","meta":{"give_campaign_id":0,"footnotes":""},"class_list":["post-11759","page","type-page","status-publish","hentry"],"campaignId":"","_links":{"self":[{"href":"https:\/\/creeser.org.mx\/2022\/wp-json\/wp\/v2\/pages\/11759","targetHints":{"allow":["GET"]}}],"collection":[{"href":"https:\/\/creeser.org.mx\/2022\/wp-json\/wp\/v2\/pages"}],"about":[{"href":"https:\/\/creeser.org.mx\/2022\/wp-json\/wp\/v2\/types\/page"}],"author":[{"embeddable":true,"href":"https:\/\/creeser.org.mx\/2022\/wp-json\/wp\/v2\/users\/2"}],"replies":[{"embeddable":true,"href":"https:\/\/creeser.org.mx\/2022\/wp-json\/wp\/v2\/comments?post=11759"}],"version-history":[{"count":3,"href":"https:\/\/creeser.org.mx\/2022\/wp-json\/wp\/v2\/pages\/11759\/revisions"}],"predecessor-version":[{"id":11898,"href":"https:\/\/creeser.org.mx\/2022\/wp-json\/wp\/v2\/pages\/11759\/revisions\/11898"}],"wp:attachment":[{"href":"https:\/\/creeser.org.mx\/2022\/wp-json\/wp\/v2\/media?parent=11759"}],"curies":[{"name":"wp","href":"https:\/\/api.w.org\/{rel}","templated":true}]}}