{"id":11757,"date":"2024-05-11T19:08:12","date_gmt":"2024-05-12T01:08:12","guid":{"rendered":"https:\/\/creeser.org.mx\/2022\/?page_id=11757"},"modified":"2024-07-22T07:57:20","modified_gmt":"2024-07-22T13:57:20","slug":"pazandola-bien","status":"publish","type":"page","link":"https:\/\/creeser.org.mx\/2022\/pazandola-bien\/","title":{"rendered":"Paz\u00e1ndola Bien"},"content":{"rendered":"<p>[vc_row full_width=&#8221;stretch_row_content_no_spaces&#8221; css=&#8221;.vc_custom_1717036439338{background-color: #26b0e5 !important;}&#8221;][vc_column][vc_empty_space][vc_empty_space][vc_single_image image=&#8221;11866&#8243; img_size=&#8221;medium&#8221; alignment=&#8221;center&#8221;][vc_empty_space][vc_empty_space][\/vc_column][\/vc_row][vc_row full_width=&#8221;stretch_row_content_no_spaces&#8221; equal_height=&#8221;yes&#8221; content_placement=&#8221;middle&#8221; css=&#8221;.vc_custom_1717041528082{background-color: #26b0e5 !important;}&#8221;][vc_column width=&#8221;1\/3&#8243;][\/vc_column][vc_column width=&#8221;1\/3&#8243;][vc_column_text]<\/p>\n<h2><span style=\"color: #ffffff;\"><strong>Nuestro programa de m\u00e1s reciente creaci\u00f3n (2021), est\u00e1 dirigido a personas adultas mayores, quienes a trav\u00e9s de actividades f\u00edsicas, art\u00edsticas y sociales, con enfoque en bienestar integral y fortalecimiento cognitivo, hacen comunidad en el Parque La Primavera. <\/strong><\/span><\/h2>\n<p>[\/vc_column_text][vc_empty_space][vc_empty_space][\/vc_column][vc_column width=&#8221;1\/3&#8243;][\/vc_column][\/vc_row][vc_row][vc_column]\n\t\t\t<!-- START PB REVOLUTION SLIDER 6.5.21 --><p class=\"rs-p-wp-fix\"><\/p>\n\t\t\t<rs-module-wrap id=\"rev_slider_6_1_wrapper\" data-source=\"gallery\" style=\"visibility:hidden;background:transparent;padding:0;\">\n\t\t\t\t<rs-module id=\"rev_slider_6_1\" style=\"\" data-version=\"6.5.21\">\n\t\t\t\t\t<rs-slides>\n\t\t\t\t\t\t<rs-slide style=\"position: absolute;\" data-key=\"rs-8\" data-title=\"Slide\" data-in=\"o:0;\" data-out=\"a:false;\">\n\t\t\t\t\t\t\t<img loading=\"lazy\" decoding=\"async\" src=\"\/\/creeser.org.mx\/2022\/wp-content\/plugins\/revslider\/public\/assets\/assets\/dummy.png\" alt=\"\" title=\"Web\" width=\"2560\" height=\"1441\" class=\"rev-slidebg tp-rs-img rs-lazyload\" data-lazyload=\"\/\/creeser.org.mx\/2022\/wp-content\/uploads\/2024\/02\/Fotos-web-05-2-scaled.jpg\" data-parallax=\"off\" data-panzoom=\"d:8000ms;e:power0.in;ss:110%;se:100;\" data-no-retina>\n<!--\n\t\t\t\t\t\t\t--><rs-layer\n\t\t\t\t\t\t\t\tid=\"slider-6-slide-8-layer-2\" \n\t\t\t\t\t\t\t\tdata-type=\"image\"\n\t\t\t\t\t\t\t\tdata-rsp_ch=\"on\"\n\t\t\t\t\t\t\t\tdata-xy=\"x:c;y:m;\"\n\t\t\t\t\t\t\t\tdata-text=\"w:normal;s:20,16,12,7;l:0,20,15,9;\"\n\t\t\t\t\t\t\t\tdata-dim=\"w:['#1\/3#','#1\/3#','#1\/3#','#1\/3#'];\"\n\t\t\t\t\t\t\t\tdata-frame_1=\"e:power4.inOut;sp:1500;\"\n\t\t\t\t\t\t\t\tdata-frame_999=\"o:0;st:w;sR:6000;\"\n\t\t\t\t\t\t\t\tstyle=\"z-index:9;\"\n\t\t\t\t\t\t\t><img loading=\"lazy\" decoding=\"async\" src=\"\/\/creeser.org.mx\/2022\/wp-content\/plugins\/revslider\/public\/assets\/assets\/dummy.png\" alt=\"\" class=\"tp-rs-img rs-lazyload\" width=\"2250\" height=\"2250\" data-lazyload=\"\/\/creeser.org.mx\/2022\/wp-content\/uploads\/2024\/05\/pazandola-bien-blanco-01.png\" data-no-retina> \n\t\t\t\t\t\t\t<\/rs-layer><!--\n-->\t\t\t\t\t\t<\/rs-slide>\n\t\t\t\t\t<\/rs-slides>\n\t\t\t\t<\/rs-module>\n\t\t\t\t<script>\n\t\t\t\t\tsetREVStartSize({c: 'rev_slider_6_1',rl:[1240,1024,778,480],el:[868,768,960,720],gw:[1240,1024,778,480],gh:[868,768,960,720],type:'hero',justify:'',layout:'fullscreen',offsetContainer:'',offset:'',mh:\"0\"});if (window.RS_MODULES!==undefined && window.RS_MODULES.modules!==undefined && window.RS_MODULES.modules[\"revslider61\"]!==undefined) {window.RS_MODULES.modules[\"revslider61\"].once = false;window.revapi6 = undefined;if (window.RS_MODULES.checkMinimal!==undefined) window.RS_MODULES.checkMinimal()}\n\t\t\t\t<\/script>\n\t\t\t<\/rs-module-wrap>\n\t\t\t<!-- END REVOLUTION SLIDER -->\n[\/vc_column][\/vc_row][vc_row full_width=&#8221;stretch_row_content_no_spaces&#8221; equal_height=&#8221;yes&#8221; css=&#8221;.vc_custom_1717036887535{background-color: #26b0e5 !important;}&#8221;][vc_column width=&#8221;1\/5&#8243;][\/vc_column][vc_column width=&#8221;1\/5&#8243;][vc_empty_space][vc_empty_space][vc_column_text]<\/p>\n<h1><strong><span style=\"color: #ffffff;\">Descripci\u00f3n<\/span><\/strong><\/h1>\n<p>[\/vc_column_text][vc_column_text]<span style=\"color: #ffffff;\">Las personas mayores participan en una serie de actividades y servicios que fomentan la forma f\u00edsica, el bienestar mental y las relaciones sociales. <\/span>[\/vc_column_text][vc_empty_space][vc_empty_space][vc_empty_space][\/vc_column][vc_column width=&#8221;1\/5&#8243;][\/vc_column][vc_column width=&#8221;1\/5&#8243;][vc_empty_space][vc_empty_space][vc_column_text]<\/p>\n<h1><strong><span style=\"color: #ffffff;\">Objetivo<\/span><\/strong><\/h1>\n<p>[\/vc_column_text][vc_column_text]<span style=\"color: #ffffff;\">\u00a0Promover la participaci\u00f3n del adulto mayor en actividades f\u00edsicas, de recreaci\u00f3n, de arte y de conocimiento, que les permitan la inclusi\u00f3n social y familiar, fortaleciendo y\u00a0 mejorando su vitalidad, bienestar, autoestima y previniendo sintomatolog\u00eda depresiva y cognitiva, a la vez que se promueve el conocimiento de sus derechos como PAM y el reconocimiento del significado de la vejez.<\/span>[\/vc_column_text][vc_empty_space][vc_empty_space][vc_empty_space][\/vc_column][vc_column width=&#8221;1\/5&#8243;][\/vc_column][\/vc_row]<\/p>\n","protected":false},"excerpt":{"rendered":"<p>[vc_row full_width=&#8221;stretch_row_content_no_spaces&#8221; css=&#8221;.vc_custom_1717036439338{background-color: #26b0e5 !important;}&#8221;][vc_column][vc_empty_space][vc_empty_space][vc_single_image image=&#8221;11866&#8243; img_size=&#8221;medium&#8221; alignment=&#8221;center&#8221;][vc_empty_space][vc_empty_space][\/vc_column][\/vc_row][vc_row full_width=&#8221;stretch_row_content_no_spaces&#8221; equal_height=&#8221;yes&#8221; content_placement=&#8221;middle&#8221; css=&#8221;.vc_custom_1717041528082{background-color: #26b0e5 !important;}&#8221;][vc_column width=&#8221;1\/3&#8243;][\/vc_column][vc_column width=&#8221;1\/3&#8243;][vc_column_text] Nuestro programa de m\u00e1s reciente creaci\u00f3n (2021), est\u00e1 dirigido a personas adultas mayores, quienes [&hellip;]<\/p>\n","protected":false},"author":2,"featured_media":0,"parent":0,"menu_order":0,"comment_status":"closed","ping_status":"closed","template":"","meta":{"give_campaign_id":0,"footnotes":""},"class_list":["post-11757","page","type-page","status-publish","hentry"],"campaignId":"","_links":{"self":[{"href":"https:\/\/creeser.org.mx\/2022\/wp-json\/wp\/v2\/pages\/11757","targetHints":{"allow":["GET"]}}],"collection":[{"href":"https:\/\/creeser.org.mx\/2022\/wp-json\/wp\/v2\/pages"}],"about":[{"href":"https:\/\/creeser.org.mx\/2022\/wp-json\/wp\/v2\/types\/page"}],"author":[{"embeddable":true,"href":"https:\/\/creeser.org.mx\/2022\/wp-json\/wp\/v2\/users\/2"}],"replies":[{"embeddable":true,"href":"https:\/\/creeser.org.mx\/2022\/wp-json\/wp\/v2\/comments?post=11757"}],"version-history":[{"count":7,"href":"https:\/\/creeser.org.mx\/2022\/wp-json\/wp\/v2\/pages\/11757\/revisions"}],"predecessor-version":[{"id":11865,"href":"https:\/\/creeser.org.mx\/2022\/wp-json\/wp\/v2\/pages\/11757\/revisions\/11865"}],"wp:attachment":[{"href":"https:\/\/creeser.org.mx\/2022\/wp-json\/wp\/v2\/media?parent=11757"}],"curies":[{"name":"wp","href":"https:\/\/api.w.org\/{rel}","templated":true}]}}