{"id":11755,"date":"2024-05-11T19:07:53","date_gmt":"2024-05-12T01:07:53","guid":{"rendered":"https:\/\/creeser.org.mx\/2022\/?page_id=11755"},"modified":"2024-05-29T22:51:37","modified_gmt":"2024-05-30T04:51:37","slug":"formacion-para-la-paz","status":"publish","type":"page","link":"https:\/\/creeser.org.mx\/2022\/formacion-para-la-paz\/","title":{"rendered":"Formaci\u00f3n para la Paz"},"content":{"rendered":"<p>[vc_row full_width=&#8221;stretch_row_content_no_spaces&#8221; css=&#8221;.vc_custom_1717022510814{background-color: #f7901e !important;}&#8221;][vc_column][vc_empty_space][vc_empty_space][vc_empty_space][vc_empty_space][vc_single_image image=&#8221;11861&#8243; img_size=&#8221;medium&#8221; alignment=&#8221;center&#8221; css_animation=&#8221;fadeIn&#8221;][vc_empty_space][vc_empty_space][\/vc_column][\/vc_row][vc_row full_width=&#8221;stretch_row_content_no_spaces&#8221; css=&#8221;.vc_custom_1717024496276{background-color: #f7901e !important;}&#8221;][vc_column width=&#8221;1\/4&#8243;][\/vc_column][vc_column width=&#8221;1\/2&#8243;][vc_empty_space][vc_empty_space][vc_empty_space][vc_empty_space][vc_column_text css_animation=&#8221;fadeIn&#8221;]<\/p>\n<h2 style=\"text-align: center;\"><strong><span style=\"color: #ffffff;\">Dirigido a docentes y comunidad abierta, nuestros diplomados ofrecen herramientas pr\u00e1cticas para reducir la violencia y el acoso en entornos escolares y profesionales, permi\u019fendo a nuestros participantes generar alternativas de convivencia pac\u00edfica y desarrollar estrategias para la construcci\u00f3n de una cultura de paz.<\/span><\/strong><\/h2>\n<p>[\/vc_column_text][vc_empty_space][vc_empty_space][vc_empty_space][vc_empty_space][\/vc_column][vc_column width=&#8221;1\/4&#8243;][\/vc_column][\/vc_row][vc_row][vc_column]\n\t\t\t<!-- START FDP REVOLUTION SLIDER 6.5.21 --><p class=\"rs-p-wp-fix\"><\/p>\n\t\t\t<rs-module-wrap id=\"welcome_wrapper\" data-source=\"gallery\" style=\"visibility:hidden;background:#2d3032;padding:0;\">\n\t\t\t\t<rs-module id=\"welcome\" style=\"\" data-version=\"6.5.21\">\n\t\t\t\t\t<rs-slides>\n\t\t\t\t\t\t<rs-slide style=\"position: absolute;\" data-key=\"rs-5\" data-title=\"Slide\" data-anim=\"adpr:true;\" data-in=\"o:0;\" data-out=\"a:false;\" data-alttrans=\"fade\">\n\t\t\t\t\t\t\t<img loading=\"lazy\" decoding=\"async\" src=\"\/\/creeser.org.mx\/2022\/wp-content\/plugins\/revslider\/public\/assets\/assets\/dummy.png\" alt=\"\" title=\"Web\" width=\"2048\" height=\"1152\" class=\"rev-slidebg tp-rs-img rs-lazyload\" data-lazyload=\"\/\/creeser.org.mx\/2022\/wp-content\/uploads\/2024\/05\/WEB-1-of-5-2048x1152.jpg\" data-parallax=\"off\" data-panzoom=\"d:10000;ss:100;se:120%;\" data-no-retina>\n<!--\n\t\t\t\t\t\t\t--><rs-layer\n\t\t\t\t\t\t\t\tid=\"slider-4-slide-5-layer-0\" \n\t\t\t\t\t\t\t\tdata-type=\"image\"\n\t\t\t\t\t\t\t\tdata-rsp_ch=\"on\"\n\t\t\t\t\t\t\t\tdata-xy=\"x:c;y:m;\"\n\t\t\t\t\t\t\t\tdata-text=\"w:normal;s:20,16,12,7;l:0,20,15,9;\"\n\t\t\t\t\t\t\t\tdata-dim=\"w:['40%','40%','40%','40%'];\"\n\t\t\t\t\t\t\t\tdata-blendmode=\"luminosity\"\n\t\t\t\t\t\t\t\tdata-frame_999=\"o:0;st:w;\"\n\t\t\t\t\t\t\t\tstyle=\"z-index:9;\"\n\t\t\t\t\t\t\t><img loading=\"lazy\" decoding=\"async\" src=\"\/\/creeser.org.mx\/2022\/wp-content\/plugins\/revslider\/public\/assets\/assets\/dummy.png\" alt=\"\" class=\"tp-rs-img rs-lazyload\" width=\"4501\" height=\"2250\" data-lazyload=\"\/\/creeser.org.mx\/2022\/wp-content\/uploads\/2024\/05\/Formacion-para-la-paz_blanco.png\" data-no-retina> \n\t\t\t\t\t\t\t<\/rs-layer><!--\n\n\t\t\t\t\t\t\t--><rs-layer\n\t\t\t\t\t\t\t\tid=\"slider-4-slide-5-layer-7\" \n\t\t\t\t\t\t\t\tclass=\"tp-shape tp-shapewrapper\"\n\t\t\t\t\t\t\t\tdata-type=\"shape\"\n\t\t\t\t\t\t\t\tdata-xy=\"x:c;y:m;\"\n\t\t\t\t\t\t\t\tdata-text=\"a:inherit;\"\n\t\t\t\t\t\t\t\tdata-dim=\"w:100%;h:100%;\"\n\t\t\t\t\t\t\t\tdata-basealign=\"slide\"\n\t\t\t\t\t\t\t\tdata-rsp_o=\"off\"\n\t\t\t\t\t\t\t\tdata-rsp_bd=\"off\"\n\t\t\t\t\t\t\t\tdata-frame_1=\"sR:10;\"\n\t\t\t\t\t\t\t\tdata-frame_999=\"o:0;st:w;sp:3000;sR:8690;\"\n\t\t\t\t\t\t\t\tstyle=\"z-index:5;background-color:rgba(47,47,47,0.1);\"\n\t\t\t\t\t\t\t> \n\t\t\t\t\t\t\t<\/rs-layer><!--\n-->\t\t\t\t\t\t<\/rs-slide>\n\t\t\t\t\t<\/rs-slides>\n\t\t\t\t<\/rs-module>\n\t\t\t\t<script>\n\t\t\t\t\tsetREVStartSize({c: 'welcome',rl:[1240,1024,778,480],el:[868,768,960,720],gw:[1240,1024,778,480],gh:[868,768,960,720],type:'hero',justify:'',layout:'fullscreen',offsetContainer:'#nd_options_navigation_2_top_header',offset:'',mh:\"0\"});if (window.RS_MODULES!==undefined && window.RS_MODULES.modules!==undefined && window.RS_MODULES.modules[\"welcome\"]!==undefined) {window.RS_MODULES.modules[\"welcome\"].once = false;window.revapi4 = undefined;if (window.RS_MODULES.checkMinimal!==undefined) window.RS_MODULES.checkMinimal()}\n\t\t\t\t<\/script>\n\t\t\t<\/rs-module-wrap>\n\t\t\t<!-- END REVOLUTION SLIDER -->\n[\/vc_column][\/vc_row][vc_row full_width=&#8221;stretch_row_content_no_spaces&#8221;][vc_column][vc_row_inner equal_height=&#8221;yes&#8221; css=&#8221;.vc_custom_1717022681285{background-color: #f7901e !important;}&#8221;][vc_column_inner width=&#8221;1\/5&#8243;][\/vc_column_inner][vc_column_inner width=&#8221;1\/5&#8243;][vc_empty_space][vc_empty_space][vc_column_text]<\/p>\n<h1><span style=\"color: #ffffff;\"><strong>Descripci\u00f3n<\/strong><\/span><\/h1>\n<p>[\/vc_column_text][vc_column_text]<span style=\"color: #ffffff;\">Dirigidos a docentes y comunidad abierta, permiten aprender a desarrollar proyectos de educaci\u00f3n formal e informal para la inclusi\u00f3n social y la aplicaci\u00f3n de principios pedag\u00f3gicos en la construcci\u00f3n de la paz y la disminuci\u00f3n de la violencia, en los diversos contextos en donde las y los participantes se desenvuelven.<\/span>[\/vc_column_text][vc_empty_space][vc_empty_space][\/vc_column_inner][vc_column_inner width=&#8221;1\/5&#8243;][\/vc_column_inner][vc_column_inner width=&#8221;1\/5&#8243;][vc_empty_space][vc_empty_space][vc_column_text]<\/p>\n<h1><span style=\"color: #ffffff;\"><strong>Objetivo<\/strong><\/span><\/h1>\n<p>[\/vc_column_text][vc_column_text]<span style=\"color: #ffffff;\">Fortalecer las capacidades de integrantes de comunidades educativas, mediante experiencias formativas que les permitan actuar como garantes de derechos de la ni\u00f1ez, para la construcci\u00f3n de ambientes de paz, y como promotores sociales que desarrollen alternativas no-violentas de convivencia, como elementos para la construcci\u00f3n de una Cultura de Paz, en la vida cotidiana y desde su actuar profesional. <\/span>[\/vc_column_text][vc_empty_space][vc_empty_space][\/vc_column_inner][vc_column_inner width=&#8221;1\/5&#8243;][\/vc_column_inner][\/vc_row_inner][\/vc_column][\/vc_row]<\/p>\n","protected":false},"excerpt":{"rendered":"<p>[vc_row full_width=&#8221;stretch_row_content_no_spaces&#8221; css=&#8221;.vc_custom_1717022510814{background-color: #f7901e !important;}&#8221;][vc_column][vc_empty_space][vc_empty_space][vc_empty_space][vc_empty_space][vc_single_image image=&#8221;11861&#8243; img_size=&#8221;medium&#8221; alignment=&#8221;center&#8221; css_animation=&#8221;fadeIn&#8221;][vc_empty_space][vc_empty_space][\/vc_column][\/vc_row][vc_row full_width=&#8221;stretch_row_content_no_spaces&#8221; css=&#8221;.vc_custom_1717024496276{background-color: #f7901e !important;}&#8221;][vc_column width=&#8221;1\/4&#8243;][\/vc_column][vc_column width=&#8221;1\/2&#8243;][vc_empty_space][vc_empty_space][vc_empty_space][vc_empty_space][vc_column_text css_animation=&#8221;fadeIn&#8221;] Dirigido a docentes y comunidad abierta, nuestros diplomados ofrecen herramientas pr\u00e1cticas para reducir la [&hellip;]<\/p>\n","protected":false},"author":2,"featured_media":0,"parent":0,"menu_order":0,"comment_status":"closed","ping_status":"closed","template":"","meta":{"give_campaign_id":0,"footnotes":""},"class_list":["post-11755","page","type-page","status-publish","hentry"],"campaignId":"","_links":{"self":[{"href":"https:\/\/creeser.org.mx\/2022\/wp-json\/wp\/v2\/pages\/11755","targetHints":{"allow":["GET"]}}],"collection":[{"href":"https:\/\/creeser.org.mx\/2022\/wp-json\/wp\/v2\/pages"}],"about":[{"href":"https:\/\/creeser.org.mx\/2022\/wp-json\/wp\/v2\/types\/page"}],"author":[{"embeddable":true,"href":"https:\/\/creeser.org.mx\/2022\/wp-json\/wp\/v2\/users\/2"}],"replies":[{"embeddable":true,"href":"https:\/\/creeser.org.mx\/2022\/wp-json\/wp\/v2\/comments?post=11755"}],"version-history":[{"count":9,"href":"https:\/\/creeser.org.mx\/2022\/wp-json\/wp\/v2\/pages\/11755\/revisions"}],"predecessor-version":[{"id":11879,"href":"https:\/\/creeser.org.mx\/2022\/wp-json\/wp\/v2\/pages\/11755\/revisions\/11879"}],"wp:attachment":[{"href":"https:\/\/creeser.org.mx\/2022\/wp-json\/wp\/v2\/media?parent=11755"}],"curies":[{"name":"wp","href":"https:\/\/api.w.org\/{rel}","templated":true}]}}