{"id":11748,"date":"2024-05-11T19:02:19","date_gmt":"2024-05-12T01:02:19","guid":{"rendered":"https:\/\/creeser.org.mx\/2022\/?page_id=11748"},"modified":"2024-05-29T22:47:20","modified_gmt":"2024-05-30T04:47:20","slug":"no-es-no","status":"publish","type":"page","link":"https:\/\/creeser.org.mx\/2022\/no-es-no\/","title":{"rendered":"No es No"},"content":{"rendered":"<p>[vc_row full_width=&#8221;stretch_row_content_no_spaces&#8221; css=&#8221;.vc_custom_1717043820056{background-color: #3edfcf !important;}&#8221;][vc_column css=&#8221;.vc_custom_1716190790337{background-color: #3edfcf !important;}&#8221;][vc_empty_space][vc_single_image image=&#8221;11846&#8243; img_size=&#8221;medium&#8221; alignment=&#8221;center&#8221; css_animation=&#8221;fadeIn&#8221; css=&#8221;.vc_custom_1716190766872{background-color: #3edfcf !important;}&#8221;][vc_empty_space][\/vc_column][\/vc_row][vc_row full_width=&#8221;stretch_row_content_no_spaces&#8221; css_animation=&#8221;none&#8221; css=&#8221;.vc_custom_1717043910268{background-color: #3edfcf !important;}&#8221;][vc_column width=&#8221;1\/3&#8243;][\/vc_column][vc_column width=&#8221;1\/3&#8243;][vc_empty_space][vc_empty_space][vc_empty_space][vc_empty_space][vc_column_text css_animation=&#8221;fadeIn&#8221;]<\/p>\n<h2 style=\"text-align: center;\"><strong><span style=\"color: #ffffff;\">Programa desarrollado en colaboraci\u00f3n con el Instituto Municipal de las Mujeres Regias y la organizaci\u00f3n internacional No Means No Worldwide, est\u00e1 enfocado en la prevenci\u00f3n de la violencia sexual y de g\u00e9nero que afecta a ni\u00f1as, ni\u00f1os y adolescentes, incrementando sus habilidades de identificaci\u00f3n, respuesta y denuncia de la violencia sexual. <\/span><\/strong><\/h2>\n<p>[\/vc_column_text][vc_empty_space][vc_empty_space][\/vc_column][vc_column width=&#8221;1\/3&#8243;][\/vc_column][\/vc_row][vc_row][vc_column]\n\t\t\t<!-- START NEN REVOLUTION SLIDER 6.5.21 --><p class=\"rs-p-wp-fix\"><\/p>\n\t\t\t<rs-module-wrap id=\"rev_slider_5_1_wrapper\" data-source=\"gallery\" style=\"visibility:hidden;background:transparent;padding:;\">\n\t\t\t\t<rs-module id=\"rev_slider_5_1\" style=\"\" data-version=\"6.5.21\">\n\t\t\t\t\t<rs-slides>\n\t\t\t\t\t\t<rs-slide style=\"position: absolute;\" data-key=\"rs-7\" data-title=\"Slide\" data-thumb=\"\/\/creeser.org.mx\/2022\/wp-content\/uploads\/2024\/02\/WEB-4-of-5-scaled-100x50.jpg\" data-anim=\"e:slidingoverlay;ms:2000;\" data-in=\"o:1;x:(100%);\" data-out=\"a:false;\">\n\t\t\t\t\t\t\t<img loading=\"lazy\" decoding=\"async\" src=\"\/\/creeser.org.mx\/2022\/wp-content\/plugins\/revslider\/public\/assets\/assets\/dummy.png\" alt=\"\" title=\"Web\" width=\"2560\" height=\"1440\" class=\"rev-slidebg tp-rs-img rs-lazyload\" data-lazyload=\"\/\/creeser.org.mx\/2022\/wp-content\/uploads\/2024\/02\/WEB-4-of-5-scaled.jpg\" data-bg=\"p:center bottom;\" data-no-retina>\n<!--\n\t\t\t\t\t\t\t--><rs-layer\n\t\t\t\t\t\t\t\tid=\"slider-5-slide-7-layer-7\" \n\t\t\t\t\t\t\t\tclass=\"tp-shape tp-shapewrapper\"\n\t\t\t\t\t\t\t\tdata-type=\"shape\"\n\t\t\t\t\t\t\t\tdata-xy=\"x:c;xo:0,0,0,-1px;y:m;yo:0,0,0,1px;\"\n\t\t\t\t\t\t\t\tdata-text=\"fw:700;\"\n\t\t\t\t\t\t\t\tdata-dim=\"w:100%;h:100%;\"\n\t\t\t\t\t\t\t\tdata-basealign=\"slide\"\n\t\t\t\t\t\t\t\tdata-rsp_o=\"off\"\n\t\t\t\t\t\t\t\tdata-rsp_bd=\"off\"\n\t\t\t\t\t\t\t\tdata-frame_1=\"e:power4.out;sp:500;\"\n\t\t\t\t\t\t\t\tdata-frame_999=\"e:power4.inOut;st:w;sp:5000;sR:8500;\"\n\t\t\t\t\t\t\t\tstyle=\"z-index:5;background-color:rgba(68,68,68,0.35);\"\n\t\t\t\t\t\t\t> \n\t\t\t\t\t\t\t<\/rs-layer><!--\n-->\t\t\t\t\t\t<\/rs-slide>\n\t\t\t\t\t\t<rs-slide style=\"position: absolute;\" data-key=\"rs-6\" data-title=\"Slide\" data-thumb=\"\/\/creeser.org.mx\/2022\/wp-content\/uploads\/2017\/04\/No-Es-No-scaled-100x50.jpg\" data-anim=\"e:slidingoverlay;ms:2000;\" data-in=\"o:1;x:(100%);\" data-out=\"a:false;\">\n\t\t\t\t\t\t\t<img loading=\"lazy\" decoding=\"async\" src=\"\/\/creeser.org.mx\/2022\/wp-content\/plugins\/revslider\/public\/assets\/assets\/dummy.png\" alt=\"\" title=\"No Es No\" width=\"2560\" height=\"1440\" class=\"rev-slidebg tp-rs-img rs-lazyload\" data-lazyload=\"\/\/creeser.org.mx\/2022\/wp-content\/uploads\/2017\/04\/No-Es-No-scaled.jpg\" data-no-retina>\n<!--\n\t\t\t\t\t\t\t--><rs-layer\n\t\t\t\t\t\t\t\tid=\"slider-5-slide-6-layer-7\" \n\t\t\t\t\t\t\t\tclass=\"tp-shape tp-shapewrapper\"\n\t\t\t\t\t\t\t\tdata-type=\"shape\"\n\t\t\t\t\t\t\t\tdata-xy=\"x:c;xo:0,0,0,-1px;y:m;yo:0,0,0,1px;\"\n\t\t\t\t\t\t\t\tdata-text=\"fw:700;\"\n\t\t\t\t\t\t\t\tdata-dim=\"w:100%;h:100%;\"\n\t\t\t\t\t\t\t\tdata-basealign=\"slide\"\n\t\t\t\t\t\t\t\tdata-rsp_o=\"off\"\n\t\t\t\t\t\t\t\tdata-rsp_bd=\"off\"\n\t\t\t\t\t\t\t\tdata-frame_1=\"e:power4.out;sp:500;\"\n\t\t\t\t\t\t\t\tdata-frame_999=\"e:power4.inOut;st:w;sp:5000;sR:8500;\"\n\t\t\t\t\t\t\t\tstyle=\"z-index:8;background-color:rgba(68,68,68,0.35);\"\n\t\t\t\t\t\t\t> \n\t\t\t\t\t\t\t<\/rs-layer><!--\n-->\t\t\t\t\t\t<\/rs-slide>\n\t\t\t\t\t<\/rs-slides>\n\t\t\t\t<\/rs-module>\n\t\t\t\t<script>\n\t\t\t\t\tsetREVStartSize({c: 'rev_slider_5_1',rl:[1240,1024,778,480],el:[868,768,960,600],gw:[1240,1024,778,480],gh:[868,768,960,600],type:'standard',justify:'',layout:'fullscreen',offsetContainer:'#nd_options_navigation_2_top_header, #nd_options_footer_4_copyright',offset:'',mh:\"0\"});if (window.RS_MODULES!==undefined && window.RS_MODULES.modules!==undefined && window.RS_MODULES.modules[\"revslider51\"]!==undefined) {window.RS_MODULES.modules[\"revslider51\"].once = false;window.revapi5 = undefined;if (window.RS_MODULES.checkMinimal!==undefined) window.RS_MODULES.checkMinimal()}\n\t\t\t\t<\/script>\n\t\t\t<\/rs-module-wrap>\n\t\t\t<!-- END REVOLUTION SLIDER -->\n[\/vc_column][\/vc_row][vc_row full_width=&#8221;stretch_row_content_no_spaces&#8221; equal_height=&#8221;yes&#8221; content_placement=&#8221;middle&#8221; css=&#8221;.vc_custom_1716190944264{background-color: #3edfcf !important;}&#8221;][vc_column width=&#8221;1\/5&#8243;][\/vc_column][vc_column width=&#8221;1\/5&#8243;][vc_empty_space][vc_column_text]<\/p>\n<h1><strong><span style=\"color: #ffffff;\">Descripci\u00f3n<\/span><\/strong><\/h1>\n<p>[\/vc_column_text][vc_column_text]<span style=\"color: #ffffff;\">Programa desarrollado en colaboraci\u00f3n con el Municipio de Monterrey y la organizaci\u00f3n internacional No Means No Worldwide, enfocado en la prevenci\u00f3n de la violencia sexual y de g\u00e9nero que afecta a ni\u00f1as, ni\u00f1os y adolescentes.<\/span>[\/vc_column_text][vc_empty_space][\/vc_column][vc_column width=&#8221;1\/5&#8243;][\/vc_column][vc_column width=&#8221;1\/5&#8243;][vc_empty_space][vc_column_text]<\/p>\n<h1><strong><span style=\"color: #ffffff;\">Objetivo<\/span><\/strong><\/h1>\n<p>[\/vc_column_text][vc_column_text]<span style=\"color: #ffffff;\">Contribuir a reducir el \u00edndice de violencia de g\u00e9nero y sexual, en ni\u00f1as y mujeres j\u00f3venes de 10 a 20 a\u00f1os, en el municipio de Monterrey, a trav\u00e9s de incrementar habilidades de identificaci\u00f3n, respuesta y denuncia de la violencia sexual. <\/span>[\/vc_column_text][vc_empty_space][\/vc_column][vc_column width=&#8221;1\/5&#8243;][\/vc_column][\/vc_row]<\/p>\n","protected":false},"excerpt":{"rendered":"<p>[vc_row full_width=&#8221;stretch_row_content_no_spaces&#8221; css=&#8221;.vc_custom_1717043820056{background-color: #3edfcf !important;}&#8221;][vc_column css=&#8221;.vc_custom_1716190790337{background-color: #3edfcf !important;}&#8221;][vc_empty_space][vc_single_image image=&#8221;11846&#8243; img_size=&#8221;medium&#8221; alignment=&#8221;center&#8221; css_animation=&#8221;fadeIn&#8221; css=&#8221;.vc_custom_1716190766872{background-color: #3edfcf !important;}&#8221;][vc_empty_space][\/vc_column][\/vc_row][vc_row full_width=&#8221;stretch_row_content_no_spaces&#8221; css_animation=&#8221;none&#8221; css=&#8221;.vc_custom_1717043910268{background-color: #3edfcf !important;}&#8221;][vc_column width=&#8221;1\/3&#8243;][\/vc_column][vc_column width=&#8221;1\/3&#8243;][vc_empty_space][vc_empty_space][vc_empty_space][vc_empty_space][vc_column_text css_animation=&#8221;fadeIn&#8221;] Programa desarrollado en colaboraci\u00f3n con el Instituto [&hellip;]<\/p>\n","protected":false},"author":2,"featured_media":0,"parent":0,"menu_order":0,"comment_status":"closed","ping_status":"closed","template":"","meta":{"give_campaign_id":0,"footnotes":""},"class_list":["post-11748","page","type-page","status-publish","hentry"],"campaignId":"","_links":{"self":[{"href":"https:\/\/creeser.org.mx\/2022\/wp-json\/wp\/v2\/pages\/11748","targetHints":{"allow":["GET"]}}],"collection":[{"href":"https:\/\/creeser.org.mx\/2022\/wp-json\/wp\/v2\/pages"}],"about":[{"href":"https:\/\/creeser.org.mx\/2022\/wp-json\/wp\/v2\/types\/page"}],"author":[{"embeddable":true,"href":"https:\/\/creeser.org.mx\/2022\/wp-json\/wp\/v2\/users\/2"}],"replies":[{"embeddable":true,"href":"https:\/\/creeser.org.mx\/2022\/wp-json\/wp\/v2\/comments?post=11748"}],"version-history":[{"count":8,"href":"https:\/\/creeser.org.mx\/2022\/wp-json\/wp\/v2\/pages\/11748\/revisions"}],"predecessor-version":[{"id":11877,"href":"https:\/\/creeser.org.mx\/2022\/wp-json\/wp\/v2\/pages\/11748\/revisions\/11877"}],"wp:attachment":[{"href":"https:\/\/creeser.org.mx\/2022\/wp-json\/wp\/v2\/media?parent=11748"}],"curies":[{"name":"wp","href":"https:\/\/api.w.org\/{rel}","templated":true}]}}